{"id":353,"date":"2011-11-01T13:21:32","date_gmt":"2011-11-01T12:21:32","guid":{"rendered":"http:\/\/www.guezos.com\/?page_id=353"},"modified":"2022-07-11T00:43:15","modified_gmt":"2022-07-10T22:43:15","slug":"discografia","status":"publish","type":"page","link":"https:\/\/www.guezos.com\/?page_id=353","title":{"rendered":"Discograf\u00eda"},"content":{"rendered":"<p><strong>Fa\u00edscas<\/strong><\/p>\n<p><strong><img loading=\"lazy\" decoding=\"async\" class=\"wp-image-1334 size-full alignright\" src=\"https:\/\/www.guezos.com\/wp-content\/uploads\/2022\/06\/Faiscas-200x200-1.jpg\" alt=\"\" width=\"200\" height=\"200\" srcset=\"https:\/\/www.guezos.com\/wp-content\/uploads\/2022\/06\/Faiscas-200x200-1.jpg 200w, https:\/\/www.guezos.com\/wp-content\/uploads\/2022\/06\/Faiscas-200x200-1-150x150.jpg 150w, https:\/\/www.guezos.com\/wp-content\/uploads\/2022\/06\/Faiscas-200x200-1-60x60.jpg 60w\" sizes=\"auto, (max-width: 200px) 100vw, 200px\" \/><\/strong><\/p>\n<p>2022<\/p>\n<p>1. Fa\u00edscas<br \/>\n2. O Meu Barqui\u00f1o<br \/>\n3. Light of Day<br \/>\n4. Wish You Were Here<br \/>\n5. Meirol<br \/>\n6. Nord\u00e9s<br \/>\n7. Fa\u00edscas (ac\u00fastico) &#8211; Live<\/p>\n<hr>\n<p><strong>Zapatos Novos<\/strong><\/p>\n<p><strong><img loading=\"lazy\" decoding=\"async\" class=\"alignright wp-image-960\" src=\"https:\/\/www.guezos.com\/wp-content\/uploads\/2019\/01\/Portada-600px-Zapatos-Novos.jpg\" alt=\"\" width=\"200\" height=\"200\" srcset=\"https:\/\/www.guezos.com\/wp-content\/uploads\/2019\/01\/Portada-600px-Zapatos-Novos.jpg 600w, https:\/\/www.guezos.com\/wp-content\/uploads\/2019\/01\/Portada-600px-Zapatos-Novos-150x150.jpg 150w, https:\/\/www.guezos.com\/wp-content\/uploads\/2019\/01\/Portada-600px-Zapatos-Novos-60x60.jpg 60w\" sizes=\"auto, (max-width: 200px) 100vw, 200px\" \/><\/strong><\/p>\n<p>2018<\/p>\n<p>1. \u00cdcaro<br \/>\n2. The Sailor<br \/>\n3. Pepi\u00f1o Malasangre<br \/>\n4. Botarse a Vivir<br \/>\n5. D\u00e9ixame Entrar<br \/>\n6. Todo Perfecto<br \/>\n7. A Despedida<\/p>\n<hr>\n<p><strong>Un Longo Cami\u00f1o<\/strong><\/p>\n<p><strong><a href=\"https:\/\/www.guezos.com\/wp-content\/uploads\/2011\/11\/Portada-Un-Longo-Cami\u00f1o-300px.jpg\"><img loading=\"lazy\" decoding=\"async\" class=\"wp-image-699 alignright\" src=\"https:\/\/www.guezos.com\/wp-content\/uploads\/2011\/11\/Portada-Un-Longo-Cami\u00f1o-300px.jpg\" alt=\"Portada Un Longo Cami\u00f1o 300px\" width=\"191\" height=\"178\"><\/a><\/strong><\/p>\n<p><span style=\"color:#999999;\"><em>Edici\u00f3n especial 15 aniversario<\/em><\/span><br \/>\n<span style=\"color:#808000;\">2014<\/span><\/p>\n<p>1. Gato Negro<br \/>\n2. S\u00e1hara<br \/>\n3. Terradentro<br \/>\n4. L\u00e9vame<\/p>\n<hr>\n<p><strong>O Hist\u00e9rico Latexo<\/strong><\/p>\n<p><a href=\"https:\/\/www.guezos.com\/wp-content\/uploads\/2011\/11\/CORA-2.jpg\"><img loading=\"lazy\" decoding=\"async\" class=\"alignright size-medium wp-image-365\" title=\"Portada O Hist\u00e9rico Latexo\" src=\"https:\/\/www.guezos.com\/wp-content\/uploads\/2011\/11\/CORA-2-300x265.jpg\" alt=\"\" width=\"192\" height=\"168\"><\/a><\/p>\n<p><span style=\"color:#808000;\">2011<\/span><\/p>\n<p>1. Musa<br \/>\n2. Con-su-mismo Swing<br \/>\n3. Lonxe na Memoria<br \/>\n4. En Nome de Nada<br \/>\n5. Morenaca<br \/>\n6. Boas Novas<br \/>\n7. Os Roteiros do Tempo<br \/>\n8. A Forxa<br \/>\n9. Escoita<br \/>\n10. Vento Manso<\/p>\n<hr>\n<p><strong>Oito Destinos<\/strong><\/p>\n<p><a href=\"https:\/\/www.guezos.com\/wp-content\/uploads\/2011\/11\/Portada-OitoDestinos.jpg\"><img loading=\"lazy\" decoding=\"async\" class=\"alignright size-medium wp-image-362\" title=\"Portada Oito Destinos\" src=\"https:\/\/www.guezos.com\/wp-content\/uploads\/2011\/11\/Portada-OitoDestinos-300x300.jpg\" alt=\"\" width=\"180\" height=\"180\" srcset=\"https:\/\/www.guezos.com\/wp-content\/uploads\/2011\/11\/Portada-OitoDestinos-300x300.jpg 300w, https:\/\/www.guezos.com\/wp-content\/uploads\/2011\/11\/Portada-OitoDestinos-150x150.jpg 150w, https:\/\/www.guezos.com\/wp-content\/uploads\/2011\/11\/Portada-OitoDestinos.jpg 600w\" sizes=\"auto, (max-width: 180px) 100vw, 180px\" \/><\/a><\/p>\n<p><span style=\"color:#808000;\">2009<\/span><\/p>\n<p>1. Guezada<br \/>\n2. A Esmorga<br \/>\n3. Acci\u00f3n-Reacci\u00f3n<br \/>\n4. Identidade<br \/>\n5. Todo Perfecto<br \/>\n6. Vals do Regueiro<br \/>\n7. Amodo<br \/>\n8. Terradentro<\/p>\n<hr>\n<p><strong>Terradentro<\/strong><\/p>\n<p><a href=\"https:\/\/www.guezos.com\/wp-content\/uploads\/2011\/11\/Portada-Terradentro-500px.jpg\"><img loading=\"lazy\" decoding=\"async\" class=\"alignright size-medium wp-image-368\" title=\"Portada Terradentro\" src=\"https:\/\/www.guezos.com\/wp-content\/uploads\/2011\/11\/Portada-Terradentro-500px-300x266.jpg\" alt=\"\" width=\"198\" height=\"176\" srcset=\"https:\/\/www.guezos.com\/wp-content\/uploads\/2011\/11\/Portada-Terradentro-500px-300x266.jpg 300w, https:\/\/www.guezos.com\/wp-content\/uploads\/2011\/11\/Portada-Terradentro-500px-150x133.jpg 150w, https:\/\/www.guezos.com\/wp-content\/uploads\/2011\/11\/Portada-Terradentro-500px.jpg 563w\" sizes=\"auto, (max-width: 198px) 100vw, 198px\" \/><\/a><\/p>\n<p><span style=\"color:#808000;\">2004<\/span><\/p>\n<p>1. Voces<br \/>\n2. V\u00edronte!!!<br \/>\n3. Heite de ver<br \/>\n4. O burro ledo<br \/>\n5. Terradentro<br \/>\n6. Ocre<br \/>\n7. O so\u00f1o<br \/>\n8. Porno reel<br \/>\n9. La Ventana<br \/>\n10. Whisky e licor<br \/>\n11. Muli\u00f1a 03<\/p>\n<hr>\n<p><strong><img decoding=\"async\" title=\"M\u00e1s...\" src=\"..\/wp-includes\/js\/tinymce\/plugins\/wordpress\/img\/trans.gif\" alt=\"\" animated-media=\"animated-media\"><\/strong><\/p>\n<p><strong>Guezos<\/strong><br \/>\n<span style=\"color:#808000;\">2002<\/span><\/p>\n<p>1. Resaca Dominical<br \/>\n2. O Brado da L\u00faa<br \/>\n3. L\u00e9vame<br \/>\n4. Enebrote<br \/>\n5. Pedida de man<br \/>\n6. A Rebadaira<br \/>\n7. A mi\u00f1a Muli\u00f1a<br \/>\n8. Loui in tra \/ A ra\u00edz do toxo verde<\/p>\n<hr>\n<hr>\n<h2><span style=\"color:#808000;\">Puntos de Venta<\/span><\/h2>\n<p><strong>Caf\u00e9 Gr<\/strong><\/p>\n<p><a href=\"https:\/\/www.guezos.com\/wp-content\/uploads\/2011\/11\/logo-gr\u00e2ndola.png\"><img loading=\"lazy\" decoding=\"async\" class=\"alignleft size-full wp-image-388\" style=\"margin-left: 20px; margin-right: 20px;\" title=\"logo gr\u00e2ndola\" src=\"https:\/\/www.guezos.com\/wp-content\/uploads\/2011\/11\/logo-gr\u00e2ndola.png\" alt=\"\" width=\"115\" height=\"97\" srcset=\"https:\/\/www.guezos.com\/wp-content\/uploads\/2011\/11\/logo-gr\u00e2ndola.png 192w, https:\/\/www.guezos.com\/wp-content\/uploads\/2011\/11\/logo-gr\u00e2ndola-150x125.png 150w\" sizes=\"auto, (max-width: 115px) 100vw, 115px\" \/><\/a><\/p>\n<p><strong>\u00e1ndola<\/strong><br \/>\nPraza de San Marcial, 1<br \/>\nOurense<br \/>\nTlf. 988 255 757<\/p>\n<p><strong><a href=\"https:\/\/www.guezos.com\/wp-content\/uploads\/2011\/11\/logo-Sindicato-del-C\u00f3mic1.png\"><img loading=\"lazy\" decoding=\"async\" class=\"alignleft size-full wp-image-390\" style=\"margin-left: 20px; margin-right: 20px;\" title=\"logo Sindicato del C\u00f3mic\" src=\"https:\/\/www.guezos.com\/wp-content\/uploads\/2011\/11\/logo-Sindicato-del-C\u00f3mic1.png\" alt=\"\" width=\"115\" height=\"110\" srcset=\"https:\/\/www.guezos.com\/wp-content\/uploads\/2011\/11\/logo-Sindicato-del-C\u00f3mic1.png 525w, https:\/\/www.guezos.com\/wp-content\/uploads\/2011\/11\/logo-Sindicato-del-C\u00f3mic1-300x285.png 300w, https:\/\/www.guezos.com\/wp-content\/uploads\/2011\/11\/logo-Sindicato-del-C\u00f3mic1-150x142.png 150w\" sizes=\"auto, (max-width: 115px) 100vw, 115px\" \/><\/a><\/strong><\/p>\n<p><strong>Sindicato del C\u00f3mic<\/strong><br \/>\nDr. Gregorio Mara\u00f1\u00f3n, 15<br \/>\nOurense<br \/>\nTlf. 988 250 828<\/p>\n<p><strong>Livraria Torga<\/strong><br \/>\nR\u00faa Paz, 12<br \/>\nOurense<br \/>\nTlf. 988 250 737<\/p>\n<p><strong>Zinemusic<\/strong><a href=\"https:\/\/www.guezos.com\/wp-content\/uploads\/2011\/11\/zinemusik-logo.png\"><img loading=\"lazy\" decoding=\"async\" class=\"alignleft size-thumbnail wp-image-385\" style=\"margin-left: 20px; margin-right: 20px;\" title=\"zinemusik logo\" src=\"https:\/\/www.guezos.com\/wp-content\/uploads\/2011\/11\/zinemusik-logo-150x150.png\" alt=\"\" width=\"106\" height=\"106\"><\/a><br \/>\n<span style=\"color:#808000;\"><a href=\"http:\/\/zinemusik.com\/tienda\/\">zinemusik.com<\/a><\/span><\/p>\n","protected":false},"excerpt":{"rendered":"<p>Fa\u00edscas 2022 1. Fa\u00edscas 2. O Meu Barqui\u00f1o 3. Light of Day 4. Wish You Were Here 5. Meirol 6. Nord\u00e9s 7. Fa\u00edscas (ac\u00fastico) &#8211; Live Zapatos Novos 2018 1. [&hellip;]<\/p>\n","protected":false},"author":1,"featured_media":0,"parent":0,"menu_order":0,"comment_status":"closed","ping_status":"closed","template":"","meta":{"_price":"","_stock":"","_tribe_ticket_header":"","_tribe_default_ticket_provider":"","_ticket_start_date":"","_ticket_end_date":"","_tribe_ticket_show_description":"","_tribe_ticket_show_not_going":false,"_tribe_ticket_use_global_stock":"","_tribe_ticket_global_stock_level":"","_global_stock_mode":"","_global_stock_cap":"","_tribe_rsvp_for_event":"","_tribe_ticket_going_count":"","_tribe_ticket_not_going_count":"","_tribe_tickets_list":"[]","_tribe_ticket_has_attendee_info_fields":false,"footnotes":"","_tec_slr_enabled":"","_tec_slr_layout":""},"class_list":["post-353","page","type-page","status-publish","hentry"],"jetpack_sharing_enabled":true,"ticketed":false,"_links":{"self":[{"href":"https:\/\/www.guezos.com\/index.php?rest_route=\/wp\/v2\/pages\/353","targetHints":{"allow":["GET"]}}],"collection":[{"href":"https:\/\/www.guezos.com\/index.php?rest_route=\/wp\/v2\/pages"}],"about":[{"href":"https:\/\/www.guezos.com\/index.php?rest_route=\/wp\/v2\/types\/page"}],"author":[{"embeddable":true,"href":"https:\/\/www.guezos.com\/index.php?rest_route=\/wp\/v2\/users\/1"}],"replies":[{"embeddable":true,"href":"https:\/\/www.guezos.com\/index.php?rest_route=%2Fwp%2Fv2%2Fcomments&post=353"}],"version-history":[{"count":32,"href":"https:\/\/www.guezos.com\/index.php?rest_route=\/wp\/v2\/pages\/353\/revisions"}],"predecessor-version":[{"id":1338,"href":"https:\/\/www.guezos.com\/index.php?rest_route=\/wp\/v2\/pages\/353\/revisions\/1338"}],"wp:attachment":[{"href":"https:\/\/www.guezos.com\/index.php?rest_route=%2Fwp%2Fv2%2Fmedia&parent=353"}],"curies":[{"name":"wp","href":"https:\/\/api.w.org\/{rel}","templated":true}]}}