{"id":35,"date":"2008-05-12T13:09:42","date_gmt":"2008-05-12T11:09:42","guid":{"rendered":"http:\/\/www.guezos.com\/?page_id=35"},"modified":"2011-11-01T13:24:26","modified_gmt":"2011-11-01T12:24:26","slug":"descargas","status":"publish","type":"page","link":"https:\/\/www.guezos.com\/?page_id=35","title":{"rendered":"Descargas"},"content":{"rendered":"<h2><span style=\"color: #808000;\">Escoita<\/span><\/h2>\n<h3><strong>Oito Destinos (2009)<\/strong><img decoding=\"async\" class=\"alignright size-full wp-image-139\" style=\"float: right;\" title=\"portada-160px-oitodestinos\" src=\"https:\/\/www.guezos.com\/\/public\/\/2009\/09\/portada-160px-oitodestinos.jpg\" alt=\"Portada Oito Destinos\" \/><\/h3>\n<p><strong>Guezada<\/strong>. <strong><a href=\"https:\/\/www.guezos.com\/Guezada.mp3\" target=\"_blank\">Desc\u00e1rgao!<\/a><\/strong><\/p>\n<p style=\"text-align: left;\">[audio:https:\/\/www.guezos.com\/Guezada.mp3]<\/p>\n<p><strong>A Esmorga<\/strong>. <strong><a href=\"https:\/\/www.guezos.com\/A Esmorga.mp3\" target=\"_blank\">Desc\u00e1rgao!<\/a><\/strong><\/p>\n<p style=\"text-align: left;\">[audio:https:\/\/www.guezos.com\/A Esmorga.mp3]<\/p>\n<p><strong>Acci\u00f3n-Reacci\u00f3n<\/strong>. <strong><a href=\"https:\/\/www.guezos.com\/Acci\u00f3n - Reacci\u00f3n.mp3\" target=\"_blank\">Desc\u00e1rgao!<\/a><\/strong><\/p>\n<p style=\"text-align: left;\">[audio:https:\/\/www.guezos.com\/Acci\u00f3n &#8211; Reacci\u00f3n.mp3]<\/p>\n<p><strong>Identidade<\/strong>. <strong><a href=\"https:\/\/www.guezos.com\/identidade.mp3\" target=\"_blank\">Desc\u00e1rgao!<\/a><\/strong><\/p>\n<p style=\"text-align: left;\">[audio:https:\/\/www.guezos.com\/identidade.mp3]<\/p>\n<p><strong>Todo Perfecto<\/strong>. <strong><a href=\"https:\/\/www.guezos.com\/Todo Perfecto.mp3\" target=\"_blank\">Desc\u00e1rgao!<\/a><\/strong><\/p>\n<p style=\"text-align: left;\">[audio:https:\/\/www.guezos.com\/Todo Perfecto.mp3]<\/p>\n<p><strong>Vals do Regueiro<\/strong>. <strong><a href=\"https:\/\/www.guezos.com\/Vals do regueiro.mp3\" target=\"_blank\">Desc\u00e1rgao!<\/a><\/strong><\/p>\n<p style=\"text-align: left;\">[audio:https:\/\/www.guezos.com\/Vals do regueiro.mp3]<\/p>\n<p><strong>Amodo<\/strong>. <strong><a href=\"https:\/\/www.guezos.com\/amodo.mp3\" target=\"_blank\">Desc\u00e1rgao!<\/a><\/strong><\/p>\n<p style=\"text-align: left;\">[audio:https:\/\/www.guezos.com\/amodo.mp3]<\/p>\n<p><strong>Terradentro<\/strong>. <strong><a href=\"https:\/\/www.guezos.com\/terradentro.mp3\" target=\"_blank\">Desc\u00e1rgao!<\/a><\/strong><\/p>\n<p style=\"text-align: left;\">[audio:https:\/\/www.guezos.com\/terradentro.mp3]<\/p>\n<hr \/>\n<h2><span style=\"color: #808000;\">Mira<\/span><\/h2>\n<p><a href=\"https:\/\/www.guezos.com\/wp-content\/uploads\/2008\/05\/IMG_2734.jpg\"><img loading=\"lazy\" decoding=\"async\" class=\"aligncenter size-medium wp-image-345\" title=\"Guezos 2011\" src=\"https:\/\/www.guezos.com\/wp-content\/uploads\/2008\/05\/IMG_2734-300x199.jpg\" alt=\"\" width=\"300\" height=\"199\" srcset=\"https:\/\/www.guezos.com\/wp-content\/uploads\/2008\/05\/IMG_2734-300x199.jpg 300w, https:\/\/www.guezos.com\/wp-content\/uploads\/2008\/05\/IMG_2734-1024x682.jpg 1024w, https:\/\/www.guezos.com\/wp-content\/uploads\/2008\/05\/IMG_2734-150x99.jpg 150w, https:\/\/www.guezos.com\/wp-content\/uploads\/2008\/05\/IMG_2734.jpg 1280w\" sizes=\"auto, (max-width: 300px) 100vw, 300px\" \/><\/a><\/p>\n<div style=\"text-align: center;\"><span style=\"color: #9ea45b;\">.<br \/>\n<\/span><\/div>\n","protected":false},"excerpt":{"rendered":"<p>Escoita Oito Destinos (2009) Guezada. Desc\u00e1rgao! [audio:https:\/\/www.guezos.com\/Guezada.mp3] A Esmorga. Desc\u00e1rgao! [audio:https:\/\/www.guezos.com\/A Esmorga.mp3] Acci\u00f3n-Reacci\u00f3n. Desc\u00e1rgao! [audio:https:\/\/www.guezos.com\/Acci\u00f3n &#8211; Reacci\u00f3n.mp3] Identidade. Desc\u00e1rgao! [audio:https:\/\/www.guezos.com\/identidade.mp3] Todo Perfecto. Desc\u00e1rgao! [audio:https:\/\/www.guezos.com\/Todo Perfecto.mp3] Vals do Regueiro. Desc\u00e1rgao! [audio:https:\/\/www.guezos.com\/Vals [&hellip;]<\/p>\n","protected":false},"author":1,"featured_media":0,"parent":0,"menu_order":0,"comment_status":"closed","ping_status":"closed","template":"","meta":{"_price":"","_stock":"","_tribe_ticket_header":"","_tribe_default_ticket_provider":"","_ticket_start_date":"","_ticket_end_date":"","_tribe_ticket_show_description":"","_tribe_ticket_show_not_going":false,"_tribe_ticket_use_global_stock":"","_tribe_ticket_global_stock_level":"","_global_stock_mode":"","_global_stock_cap":"","_tribe_rsvp_for_event":"","_tribe_ticket_going_count":"","_tribe_ticket_not_going_count":"","_tribe_tickets_list":"[]","_tribe_ticket_has_attendee_info_fields":false,"footnotes":"","_tec_slr_enabled":"","_tec_slr_layout":""},"class_list":["post-35","page","type-page","status-publish","hentry"],"jetpack_sharing_enabled":true,"ticketed":false,"_links":{"self":[{"href":"https:\/\/www.guezos.com\/index.php?rest_route=\/wp\/v2\/pages\/35","targetHints":{"allow":["GET"]}}],"collection":[{"href":"https:\/\/www.guezos.com\/index.php?rest_route=\/wp\/v2\/pages"}],"about":[{"href":"https:\/\/www.guezos.com\/index.php?rest_route=\/wp\/v2\/types\/page"}],"author":[{"embeddable":true,"href":"https:\/\/www.guezos.com\/index.php?rest_route=\/wp\/v2\/users\/1"}],"replies":[{"embeddable":true,"href":"https:\/\/www.guezos.com\/index.php?rest_route=%2Fwp%2Fv2%2Fcomments&post=35"}],"version-history":[{"count":2,"href":"https:\/\/www.guezos.com\/index.php?rest_route=\/wp\/v2\/pages\/35\/revisions"}],"predecessor-version":[{"id":360,"href":"https:\/\/www.guezos.com\/index.php?rest_route=\/wp\/v2\/pages\/35\/revisions\/360"}],"wp:attachment":[{"href":"https:\/\/www.guezos.com\/index.php?rest_route=%2Fwp%2Fv2%2Fmedia&parent=35"}],"curies":[{"name":"wp","href":"https:\/\/api.w.org\/{rel}","templated":true}]}}